{"id":33381,"date":"2026-03-17T22:06:38","date_gmt":"2026-03-17T20:06:38","guid":{"rendered":"https:\/\/bestetic.lv\/?post_type=product&#038;p=33381"},"modified":"2026-03-17T22:07:36","modified_gmt":"2026-03-17T20:07:36","slug":"thesera-l-fting-cream","status":"publish","type":"product","link":"https:\/\/bestetic.lv\/en\/produkts\/thesera-l-fting-cream\/","title":{"rendered":"Thesera L-Fting Cream"},"content":{"rendered":"<p>Efekti: veicina kolag\u0113na sint\u0113zi un\u00a0toniz\u0113 sejas \u0101du.<br \/>\nGalven\u0101s sast\u0101vda\u013cas: hitoz\u0101ns,\u00a0Spider web ekstrakts, karnos\u012bns,\u00a0resveratrols, Silybum Marianum s\u0113klu\u00a0ekstrakts, Abeliophyllum Distichum\u00a0ekstrakts<\/p>\n<p>Lieto\u0161ana: uzkl\u0101jiet piem\u0113rotu\u00a0daudzumu uz sejas un maigi\u00a0iemas\u0113jiet.<\/p>","protected":false},"excerpt":{"rendered":"<p>Veicina kolag\u0113na sint\u0113zi un toniz\u0113 sejas \u0101du<\/p>","protected":false},"featured_media":33383,"comment_status":"open","ping_status":"closed","template":"","meta":{"_acf_changed":false},"product_brand":[],"product_cat":[67],"product_tag":[],"class_list":{"0":"post-33381","1":"product","2":"type-product","3":"status-publish","4":"has-post-thumbnail","6":"product_cat-krems","8":"first","9":"instock","10":"purchasable","11":"product-type-simple"},"acf":[],"_links":{"self":[{"href":"https:\/\/bestetic.lv\/en\/wp-json\/wp\/v2\/product\/33381","targetHints":{"allow":["GET"]}}],"collection":[{"href":"https:\/\/bestetic.lv\/en\/wp-json\/wp\/v2\/product"}],"about":[{"href":"https:\/\/bestetic.lv\/en\/wp-json\/wp\/v2\/types\/product"}],"replies":[{"embeddable":true,"href":"https:\/\/bestetic.lv\/en\/wp-json\/wp\/v2\/comments?post=33381"}],"version-history":[{"count":1,"href":"https:\/\/bestetic.lv\/en\/wp-json\/wp\/v2\/product\/33381\/revisions"}],"predecessor-version":[{"id":33382,"href":"https:\/\/bestetic.lv\/en\/wp-json\/wp\/v2\/product\/33381\/revisions\/33382"}],"wp:featuredmedia":[{"embeddable":true,"href":"https:\/\/bestetic.lv\/en\/wp-json\/wp\/v2\/media\/33383"}],"wp:attachment":[{"href":"https:\/\/bestetic.lv\/en\/wp-json\/wp\/v2\/media?parent=33381"}],"wp:term":[{"taxonomy":"product_brand","embeddable":true,"href":"https:\/\/bestetic.lv\/en\/wp-json\/wp\/v2\/product_brand?post=33381"},{"taxonomy":"product_cat","embeddable":true,"href":"https:\/\/bestetic.lv\/en\/wp-json\/wp\/v2\/product_cat?post=33381"},{"taxonomy":"product_tag","embeddable":true,"href":"https:\/\/bestetic.lv\/en\/wp-json\/wp\/v2\/product_tag?post=33381"}],"curies":[{"name":"wp","href":"https:\/\/api.w.org\/{rel}","templated":true}]}}