{"id":33373,"date":"2026-03-17T21:59:02","date_gmt":"2026-03-17T19:59:02","guid":{"rendered":"https:\/\/bestetic.lv\/?post_type=product&#038;p=33373"},"modified":"2026-03-17T21:59:02","modified_gmt":"2026-03-17T19:59:02","slug":"thesera-melting-thread-eye-neck-cream-100-ml","status":"publish","type":"product","link":"https:\/\/bestetic.lv\/en\/produkts\/thesera-melting-thread-eye-neck-cream-100-ml\/","title":{"rendered":"Thesera Melting Thread Eye &#038; Neck Cream 100 ml"},"content":{"rendered":"<p><span class=\"jCAhz ChMk0b\"><span class=\"ryNqvb\">\u0100das piepild\u012b\u0161ana ar \u0161\u0137\u012bsto\u0161iem diegiem.<\/span><\/span>\u00a0<span class=\"jCAhz ChMk0b\"><span class=\"ryNqvb\">Stimul\u0113jot kolag\u0113na ra\u017eo\u0161anu, kolag\u0113na sint\u0113zes sast\u0101vda\u013cas dabiski savelk un pace\u013c \u0101du un samazina grumbas,\u00a0radot ilgsto\u0161u liftinga efektu.<\/span><\/span><\/p>\n<p><strong>Active ingredients:<\/strong>\u00a0hitoz\u0101ns, oktapept\u012bds-7, &#8220;\u0161\u012b&#8221; sviests.<\/p>\n<p><strong>Usage:\u00a0<\/strong>uzkl\u0101jiet kr\u0113mu, maigi iemas\u0113jiet krunci\u0146\u0101s (ap ac\u012bm, kaklu, nasolabi\u0101lo zonu), \u013caujiet tam ies\u016bkties.<\/p>\n<p><strong>Country of manufacture:<\/strong>\u00a0Korea, THESERA<\/p>","protected":false},"excerpt":{"rendered":"<p><span class=\"jCAhz ChMk0b\"><span class=\"ryNqvb\">Dabiski savelk un pace\u013c \u0101du un samazina grumbas, radot ilgsto\u0161u liftinga efektu<\/span><\/span><\/p>","protected":false},"featured_media":33374,"comment_status":"open","ping_status":"closed","template":"","meta":{"_acf_changed":false},"product_brand":[],"product_cat":[69],"product_tag":[],"class_list":{"0":"post-33373","1":"product","2":"type-product","3":"status-publish","4":"has-post-thumbnail","6":"product_cat-acu-un-kakla-krems","8":"first","9":"instock","10":"purchasable","11":"product-type-simple"},"acf":[],"_links":{"self":[{"href":"https:\/\/bestetic.lv\/en\/wp-json\/wp\/v2\/product\/33373","targetHints":{"allow":["GET"]}}],"collection":[{"href":"https:\/\/bestetic.lv\/en\/wp-json\/wp\/v2\/product"}],"about":[{"href":"https:\/\/bestetic.lv\/en\/wp-json\/wp\/v2\/types\/product"}],"replies":[{"embeddable":true,"href":"https:\/\/bestetic.lv\/en\/wp-json\/wp\/v2\/comments?post=33373"}],"version-history":[{"count":1,"href":"https:\/\/bestetic.lv\/en\/wp-json\/wp\/v2\/product\/33373\/revisions"}],"predecessor-version":[{"id":33375,"href":"https:\/\/bestetic.lv\/en\/wp-json\/wp\/v2\/product\/33373\/revisions\/33375"}],"wp:featuredmedia":[{"embeddable":true,"href":"https:\/\/bestetic.lv\/en\/wp-json\/wp\/v2\/media\/33374"}],"wp:attachment":[{"href":"https:\/\/bestetic.lv\/en\/wp-json\/wp\/v2\/media?parent=33373"}],"wp:term":[{"taxonomy":"product_brand","embeddable":true,"href":"https:\/\/bestetic.lv\/en\/wp-json\/wp\/v2\/product_brand?post=33373"},{"taxonomy":"product_cat","embeddable":true,"href":"https:\/\/bestetic.lv\/en\/wp-json\/wp\/v2\/product_cat?post=33373"},{"taxonomy":"product_tag","embeddable":true,"href":"https:\/\/bestetic.lv\/en\/wp-json\/wp\/v2\/product_tag?post=33373"}],"curies":[{"name":"wp","href":"https:\/\/api.w.org\/{rel}","templated":true}]}}