{"id":33413,"date":"2026-04-16T20:32:15","date_gmt":"2026-04-16T17:32:15","guid":{"rendered":"https:\/\/bestetic.lv\/?page_id=33413"},"modified":"2026-04-16T20:43:06","modified_gmt":"2026-04-16T17:43:06","slug":"buj","status":"publish","type":"page","link":"https:\/\/bestetic.lv\/en\/buj\/","title":{"rendered":"Frequently asked questions"},"content":{"rendered":"\t\t<div data-elementor-type=\"wp-page\" data-elementor-id=\"33413\" class=\"elementor elementor-33413\">\n\t\t\t\t<div class=\"elementor-element elementor-element-80651d6 cmsmasters-section-for-header-yes e-flex e-con-boxed cmsmasters-bg-hide-none cmsmasters-bg-hide-none cmsmasters-block-default e-con e-parent\" data-id=\"80651d6\" data-element_type=\"container\" data-e-type=\"container\" data-settings=\"{&quot;background_background&quot;:&quot;classic&quot;}\">\n\t\t\t\t\t<div class=\"e-con-inner\">\n\t\t\t\t<div data-separate-animation-selector=\".cmsmasters-widget-title__heading\" data-text-animation-class=\"sequental, random, line, word, char\" class=\"elementor-element elementor-element-8765727 cmsmasters-line-clamp-no cmsmasters-color-variation-default cmsmasters-pointer-none cmsmasters-block-default cmsmasters-sticky-default elementor-widget elementor-widget-cmsmasters-page-title cmsmasters-widget-title\" data-id=\"8765727\" data-element_type=\"widget\" data-e-type=\"widget\" data-widget_type=\"cmsmasters-page-title.default\">\n\t\t\t\t\t<h1 class=\"entry-title cmsmasters-widget-title__heading \">Archives<\/h1>\t\t\t\t<\/div>\n\t\t\t\t\t<\/div>\n\t\t\t\t<\/div>\n\t\t<div class=\"elementor-element elementor-element-e90a4e5 e-flex e-con-boxed cmsmasters-block-default e-con e-parent\" data-id=\"e90a4e5\" data-element_type=\"container\" data-e-type=\"container\">\n\t\t\t\t\t<div class=\"e-con-inner\">\n\t\t\t\t<div data-separate-animation-selector=\".elementor-widget-cmsmasters-toggles__item\" data-text-animation-class=\"sequental, random\" class=\"elementor-element elementor-element-6ff9dec cmsmasters-title-alignment-left cmsmasters-item-icon-position-left cmsmasters-trigger-icon-view-default cmsmasters-block-default cmsmasters-sticky-default elementor-widget elementor-widget-cmsmasters-toggles cmsmasters-widget-toggles\" data-id=\"6ff9dec\" data-element_type=\"widget\" data-e-type=\"widget\" data-settings=\"{&quot;type&quot;:&quot;accordion&quot;,&quot;toggles&quot;:[{&quot;toggle_title&quot;:&quot;1. K\\u0101 izv\\u0113l\\u0113ties sev piem\\u0113rot\\u0101ko proced\\u016bru?&quot;,&quot;toggle_content&quot;:&quot;&lt;p&gt;M\\u0113s katram klientam pied\\u0101v\\u0101jam individu\\u0101lu pieeju \\u2013 pirms proced\\u016bras tiek veikta konsult\\u0101cija, kur\\u0101 speci\\u0101lists izv\\u0113rt\\u0113 \\u0101das st\\u0101vokli, vajadz\\u012bbas un v\\u0113lamos rezult\\u0101tus. Balstoties uz to, tiek ieteikta visefekt\\u012bv\\u0101k\\u0101 un dro\\u0161\\u0101k\\u0101 proced\\u016bra.&lt;\\\/p&gt;&quot;,&quot;_id&quot;:&quot;4b2335b&quot;,&quot;content_type&quot;:&quot;toggle-content&quot;,&quot;saved_section&quot;:null,&quot;saved_template&quot;:null,&quot;item_icon&quot;:{&quot;value&quot;:&quot;&quot;,&quot;library&quot;:&quot;&quot;},&quot;toggle_custom_id&quot;:&quot;&quot;},{&quot;toggle_title&quot;:&quot;2. Vai proced\\u016bras ir dro\\u0161as?&quot;,&quot;toggle_content&quot;:&quot;&lt;p&gt;J\\u0101, visas proced\\u016bras tiek veiktas, izmantojot sertific\\u0113tas metodes un profesion\\u0101lu apr\\u012bkojumu. Speci\\u0101listi iev\\u0113ro augst\\u0101kos higi\\u0113nas un dro\\u0161\\u012bbas standartus, lai nodro\\u0161in\\u0101tu kvalitat\\u012bvu un dro\\u0161u rezult\\u0101tu.&lt;\\\/p&gt;&quot;,&quot;_id&quot;:&quot;11053d5&quot;,&quot;content_type&quot;:&quot;toggle-content&quot;,&quot;saved_section&quot;:null,&quot;saved_template&quot;:null,&quot;item_icon&quot;:{&quot;value&quot;:&quot;&quot;,&quot;library&quot;:&quot;&quot;},&quot;toggle_custom_id&quot;:&quot;&quot;},{&quot;_id&quot;:&quot;c4ad389&quot;,&quot;toggle_title&quot;:&quot;3. Vai nepiecie\\u0161ama sagatavo\\u0161an\\u0101s pirms proced\\u016bras?&quot;,&quot;toggle_content&quot;:&quot;&lt;p&gt;Atkar\\u012bb\\u0101 no proced\\u016bras var b\\u016bt nepiecie\\u0161ama neliela sagatavo\\u0161an\\u0101s (piem\\u0113ram, izvair\\u012b\\u0161an\\u0101s no saules vai noteiktiem kosm\\u0113tikas l\\u012bdzek\\u013ciem). Prec\\u012bzas instrukcijas j\\u016bs sa\\u0146emsiet konsult\\u0101cijas laik\\u0101.&lt;\\\/p&gt;&quot;,&quot;content_type&quot;:&quot;toggle-content&quot;,&quot;saved_section&quot;:null,&quot;saved_template&quot;:null,&quot;item_icon&quot;:{&quot;value&quot;:&quot;&quot;,&quot;library&quot;:&quot;&quot;},&quot;toggle_custom_id&quot;:&quot;&quot;},{&quot;_id&quot;:&quot;5461812&quot;,&quot;toggle_title&quot;:&quot;4. Cik \\u0101tri redzami rezult\\u0101ti?&quot;,&quot;toggle_content&quot;:&quot;&lt;p&gt;Rezult\\u0101ti var b\\u016bt redzami jau p\\u0113c pirm\\u0101s proced\\u016bras, ta\\u010du optim\\u0101lam efektam bie\\u017ei tiek rekomend\\u0113ts proced\\u016bru kurss. Rezult\\u0101tu ilgums ir atkar\\u012bgs no proced\\u016bras veida un individu\\u0101laj\\u0101m \\u0101das \\u012bpa\\u0161\\u012bb\\u0101m.&lt;\\\/p&gt;&quot;,&quot;content_type&quot;:&quot;toggle-content&quot;,&quot;saved_section&quot;:null,&quot;saved_template&quot;:null,&quot;item_icon&quot;:{&quot;value&quot;:&quot;&quot;,&quot;library&quot;:&quot;&quot;},&quot;toggle_custom_id&quot;:&quot;&quot;},{&quot;_id&quot;:&quot;94025a0&quot;,&quot;toggle_title&quot;:&quot;5. Vai p\\u0113c proced\\u016bras ir atvese\\u013co\\u0161an\\u0101s periods?&quot;,&quot;toggle_content&quot;:&quot;&lt;p&gt;Liel\\u0101kajai da\\u013cai proced\\u016bru atvese\\u013co\\u0161an\\u0101s periods ir minim\\u0101ls vai visp\\u0101r nav nepiecie\\u0161ams. Da\\u017eos gad\\u012bjumos var b\\u016bt neliels aps\\u0101rtums vai jut\\u012bgums, kas p\\u0101riet \\u012bs\\u0101 laik\\u0101.&lt;\\\/p&gt;&quot;,&quot;content_type&quot;:&quot;toggle-content&quot;,&quot;saved_section&quot;:null,&quot;saved_template&quot;:null,&quot;item_icon&quot;:{&quot;value&quot;:&quot;&quot;,&quot;library&quot;:&quot;&quot;},&quot;toggle_custom_id&quot;:&quot;&quot;}],&quot;default_toggle&quot;:1}\" data-widget_type=\"cmsmasters-toggles.default\">\n\t\t\t\t\t<div class=\"elementor-widget-cmsmasters-toggles__list\"><div class=\"elementor-widget-cmsmasters-toggles__item\"><h6 id=\"elementor-tab-title-1171\" class=\"elementor-widget-cmsmasters-toggles__title\" data-tab=\"1\" aria-expanded=\"false\" aria-controls=\"elementor-widget-cmsmasters-toggles__content-1171\" tabindex=\"0\"><a class=\"elementor-widget-cmsmasters-toggles__title-link cmsmasters_enable_trigger_icon\" href=\"#\" tabindex=\"-1\"><span class=\"elementor-widget-cmsmasters-toggles__title-text\">1. K\u0101 izv\u0113l\u0113ties sev piem\u0113rot\u0101ko proced\u016bru?<\/span><\/a><span class=\"elementor-widget-cmsmasters-toggles__trigger\"><span class=\"elementor-widget-cmsmasters-toggles__trigger-closed\"><svg aria-hidden=\"true\" aria-label=\"Closed\" class=\"e-font-icon-svg e-fas-plus\" viewBox=\"0 0 448 512\" xmlns=\"http:\/\/www.w3.org\/2000\/svg\"><path d=\"M416 208H272V64c0-17.67-14.33-32-32-32h-32c-17.67 0-32 14.33-32 32v144H32c-17.67 0-32 14.33-32 32v32c0 17.67 14.33 32 32 32h144v144c0 17.67 14.33 32 32 32h32c17.67 0 32-14.33 32-32V304h144c17.67 0 32-14.33 32-32v-32c0-17.67-14.33-32-32-32z\"><\/path><\/svg><\/span><span class=\"elementor-widget-cmsmasters-toggles__trigger-opened\"><svg aria-hidden=\"true\" aria-label=\"Opened\" class=\"e-font-icon-svg e-fas-minus\" viewBox=\"0 0 448 512\" xmlns=\"http:\/\/www.w3.org\/2000\/svg\"><path d=\"M416 208H32c-17.67 0-32 14.33-32 32v32c0 17.67 14.33 32 32 32h384c17.67 0 32-14.33 32-32v-32c0-17.67-14.33-32-32-32z\"><\/path><\/svg><\/span><\/span><\/h6><div id=\"elementor-widget-cmsmasters-toggles__content-1171\" class=\"elementor-widget-cmsmasters-toggles__content elementor-clearfix\" data-tab=\"1\"><p>M\u0113s katram klientam pied\u0101v\u0101jam individu\u0101lu pieeju \u2013 pirms proced\u016bras tiek veikta konsult\u0101cija, kur\u0101 speci\u0101lists izv\u0113rt\u0113 \u0101das st\u0101vokli, vajadz\u012bbas un v\u0113lamos rezult\u0101tus. Balstoties uz to, tiek ieteikta visefekt\u012bv\u0101k\u0101 un dro\u0161\u0101k\u0101 proced\u016bra.<\/p><\/div><\/div><div class=\"elementor-widget-cmsmasters-toggles__item\"><h6 id=\"elementor-tab-title-1172\" class=\"elementor-widget-cmsmasters-toggles__title\" data-tab=\"2\" aria-expanded=\"false\" aria-controls=\"elementor-widget-cmsmasters-toggles__content-1172\" tabindex=\"0\"><a class=\"elementor-widget-cmsmasters-toggles__title-link cmsmasters_enable_trigger_icon\" href=\"#\" tabindex=\"-1\"><span class=\"elementor-widget-cmsmasters-toggles__title-text\">2. Vai proced\u016bras ir dro\u0161as?<\/span><\/a><span class=\"elementor-widget-cmsmasters-toggles__trigger\"><span class=\"elementor-widget-cmsmasters-toggles__trigger-closed\"><svg aria-hidden=\"true\" aria-label=\"Closed\" class=\"e-font-icon-svg e-fas-plus\" viewBox=\"0 0 448 512\" xmlns=\"http:\/\/www.w3.org\/2000\/svg\"><path d=\"M416 208H272V64c0-17.67-14.33-32-32-32h-32c-17.67 0-32 14.33-32 32v144H32c-17.67 0-32 14.33-32 32v32c0 17.67 14.33 32 32 32h144v144c0 17.67 14.33 32 32 32h32c17.67 0 32-14.33 32-32V304h144c17.67 0 32-14.33 32-32v-32c0-17.67-14.33-32-32-32z\"><\/path><\/svg><\/span><span class=\"elementor-widget-cmsmasters-toggles__trigger-opened\"><svg aria-hidden=\"true\" aria-label=\"Opened\" class=\"e-font-icon-svg e-fas-minus\" viewBox=\"0 0 448 512\" xmlns=\"http:\/\/www.w3.org\/2000\/svg\"><path d=\"M416 208H32c-17.67 0-32 14.33-32 32v32c0 17.67 14.33 32 32 32h384c17.67 0 32-14.33 32-32v-32c0-17.67-14.33-32-32-32z\"><\/path><\/svg><\/span><\/span><\/h6><div id=\"elementor-widget-cmsmasters-toggles__content-1172\" class=\"elementor-widget-cmsmasters-toggles__content elementor-clearfix\" data-tab=\"2\"><p>J\u0101, visas proced\u016bras tiek veiktas, izmantojot sertific\u0113tas metodes un profesion\u0101lu apr\u012bkojumu. Speci\u0101listi iev\u0113ro augst\u0101kos higi\u0113nas un dro\u0161\u012bbas standartus, lai nodro\u0161in\u0101tu kvalitat\u012bvu un dro\u0161u rezult\u0101tu.<\/p><\/div><\/div><div class=\"elementor-widget-cmsmasters-toggles__item\"><h6 id=\"elementor-tab-title-1173\" class=\"elementor-widget-cmsmasters-toggles__title\" data-tab=\"3\" aria-expanded=\"false\" aria-controls=\"elementor-widget-cmsmasters-toggles__content-1173\" tabindex=\"0\"><a class=\"elementor-widget-cmsmasters-toggles__title-link cmsmasters_enable_trigger_icon\" href=\"#\" tabindex=\"-1\"><span class=\"elementor-widget-cmsmasters-toggles__title-text\">3. Vai nepiecie\u0161ama sagatavo\u0161an\u0101s pirms proced\u016bras?<\/span><\/a><span class=\"elementor-widget-cmsmasters-toggles__trigger\"><span class=\"elementor-widget-cmsmasters-toggles__trigger-closed\"><svg aria-hidden=\"true\" aria-label=\"Closed\" class=\"e-font-icon-svg e-fas-plus\" viewBox=\"0 0 448 512\" xmlns=\"http:\/\/www.w3.org\/2000\/svg\"><path d=\"M416 208H272V64c0-17.67-14.33-32-32-32h-32c-17.67 0-32 14.33-32 32v144H32c-17.67 0-32 14.33-32 32v32c0 17.67 14.33 32 32 32h144v144c0 17.67 14.33 32 32 32h32c17.67 0 32-14.33 32-32V304h144c17.67 0 32-14.33 32-32v-32c0-17.67-14.33-32-32-32z\"><\/path><\/svg><\/span><span class=\"elementor-widget-cmsmasters-toggles__trigger-opened\"><svg aria-hidden=\"true\" aria-label=\"Opened\" class=\"e-font-icon-svg e-fas-minus\" viewBox=\"0 0 448 512\" xmlns=\"http:\/\/www.w3.org\/2000\/svg\"><path d=\"M416 208H32c-17.67 0-32 14.33-32 32v32c0 17.67 14.33 32 32 32h384c17.67 0 32-14.33 32-32v-32c0-17.67-14.33-32-32-32z\"><\/path><\/svg><\/span><\/span><\/h6><div id=\"elementor-widget-cmsmasters-toggles__content-1173\" class=\"elementor-widget-cmsmasters-toggles__content elementor-clearfix\" data-tab=\"3\"><p>Atkar\u012bb\u0101 no proced\u016bras var b\u016bt nepiecie\u0161ama neliela sagatavo\u0161an\u0101s (piem\u0113ram, izvair\u012b\u0161an\u0101s no saules vai noteiktiem kosm\u0113tikas l\u012bdzek\u013ciem). Prec\u012bzas instrukcijas j\u016bs sa\u0146emsiet konsult\u0101cijas laik\u0101.<\/p><\/div><\/div><div class=\"elementor-widget-cmsmasters-toggles__item\"><h6 id=\"elementor-tab-title-1174\" class=\"elementor-widget-cmsmasters-toggles__title\" data-tab=\"4\" aria-expanded=\"false\" aria-controls=\"elementor-widget-cmsmasters-toggles__content-1174\" tabindex=\"0\"><a class=\"elementor-widget-cmsmasters-toggles__title-link cmsmasters_enable_trigger_icon\" href=\"#\" tabindex=\"-1\"><span class=\"elementor-widget-cmsmasters-toggles__title-text\">4. Cik \u0101tri redzami rezult\u0101ti?<\/span><\/a><span class=\"elementor-widget-cmsmasters-toggles__trigger\"><span class=\"elementor-widget-cmsmasters-toggles__trigger-closed\"><svg aria-hidden=\"true\" aria-label=\"Closed\" class=\"e-font-icon-svg e-fas-plus\" viewBox=\"0 0 448 512\" xmlns=\"http:\/\/www.w3.org\/2000\/svg\"><path d=\"M416 208H272V64c0-17.67-14.33-32-32-32h-32c-17.67 0-32 14.33-32 32v144H32c-17.67 0-32 14.33-32 32v32c0 17.67 14.33 32 32 32h144v144c0 17.67 14.33 32 32 32h32c17.67 0 32-14.33 32-32V304h144c17.67 0 32-14.33 32-32v-32c0-17.67-14.33-32-32-32z\"><\/path><\/svg><\/span><span class=\"elementor-widget-cmsmasters-toggles__trigger-opened\"><svg aria-hidden=\"true\" aria-label=\"Opened\" class=\"e-font-icon-svg e-fas-minus\" viewBox=\"0 0 448 512\" xmlns=\"http:\/\/www.w3.org\/2000\/svg\"><path d=\"M416 208H32c-17.67 0-32 14.33-32 32v32c0 17.67 14.33 32 32 32h384c17.67 0 32-14.33 32-32v-32c0-17.67-14.33-32-32-32z\"><\/path><\/svg><\/span><\/span><\/h6><div id=\"elementor-widget-cmsmasters-toggles__content-1174\" class=\"elementor-widget-cmsmasters-toggles__content elementor-clearfix\" data-tab=\"4\"><p>Rezult\u0101ti var b\u016bt redzami jau p\u0113c pirm\u0101s proced\u016bras, ta\u010du optim\u0101lam efektam bie\u017ei tiek rekomend\u0113ts proced\u016bru kurss. Rezult\u0101tu ilgums ir atkar\u012bgs no proced\u016bras veida un individu\u0101laj\u0101m \u0101das \u012bpa\u0161\u012bb\u0101m.<\/p><\/div><\/div><div class=\"elementor-widget-cmsmasters-toggles__item\"><h6 id=\"elementor-tab-title-1175\" class=\"elementor-widget-cmsmasters-toggles__title\" data-tab=\"5\" aria-expanded=\"false\" aria-controls=\"elementor-widget-cmsmasters-toggles__content-1175\" tabindex=\"0\"><a class=\"elementor-widget-cmsmasters-toggles__title-link cmsmasters_enable_trigger_icon\" href=\"#\" tabindex=\"-1\"><span class=\"elementor-widget-cmsmasters-toggles__title-text\">5. Vai p\u0113c proced\u016bras ir atvese\u013co\u0161an\u0101s periods?<\/span><\/a><span class=\"elementor-widget-cmsmasters-toggles__trigger\"><span class=\"elementor-widget-cmsmasters-toggles__trigger-closed\"><svg aria-hidden=\"true\" aria-label=\"Closed\" class=\"e-font-icon-svg e-fas-plus\" viewBox=\"0 0 448 512\" xmlns=\"http:\/\/www.w3.org\/2000\/svg\"><path d=\"M416 208H272V64c0-17.67-14.33-32-32-32h-32c-17.67 0-32 14.33-32 32v144H32c-17.67 0-32 14.33-32 32v32c0 17.67 14.33 32 32 32h144v144c0 17.67 14.33 32 32 32h32c17.67 0 32-14.33 32-32V304h144c17.67 0 32-14.33 32-32v-32c0-17.67-14.33-32-32-32z\"><\/path><\/svg><\/span><span class=\"elementor-widget-cmsmasters-toggles__trigger-opened\"><svg aria-hidden=\"true\" aria-label=\"Opened\" class=\"e-font-icon-svg e-fas-minus\" viewBox=\"0 0 448 512\" xmlns=\"http:\/\/www.w3.org\/2000\/svg\"><path d=\"M416 208H32c-17.67 0-32 14.33-32 32v32c0 17.67 14.33 32 32 32h384c17.67 0 32-14.33 32-32v-32c0-17.67-14.33-32-32-32z\"><\/path><\/svg><\/span><\/span><\/h6><div id=\"elementor-widget-cmsmasters-toggles__content-1175\" class=\"elementor-widget-cmsmasters-toggles__content elementor-clearfix\" data-tab=\"5\"><p>Liel\u0101kajai da\u013cai proced\u016bru atvese\u013co\u0161an\u0101s periods ir minim\u0101ls vai visp\u0101r nav nepiecie\u0161ams. Da\u017eos gad\u012bjumos var b\u016bt neliels aps\u0101rtums vai jut\u012bgums, kas p\u0101riet \u012bs\u0101 laik\u0101.<\/p><\/div><\/div><\/div>\t\t\t\t<\/div>\n\t\t\t\t\t<\/div>\n\t\t\t\t<\/div>\n\t\t\t\t<\/div>\n\t\t","protected":false},"excerpt":{"rendered":"<p>1. K\u0101 izv\u0113l\u0113ties sev piem\u0113rot\u0101ko proced\u016bru? M\u0113s katram klientam pied\u0101v\u0101jam individu\u0101lu pieeju \u2013 pirms proced\u016bras tiek veikta konsult\u0101cija, kur\u0101 speci\u0101lists izv\u0113rt\u0113 \u0101das st\u0101vokli, vajadz\u012bbas un v\u0113lamos rezult\u0101tus. Balstoties uz to, tiek ieteikta visefekt\u012bv\u0101k\u0101 un dro\u0161\u0101k\u0101 proced\u016bra. 2. Vai proced\u016bras ir dro\u0161as? J\u0101, visas proced\u016bras tiek veiktas, izmantojot sertific\u0113tas metodes un profesion\u0101lu apr\u012bkojumu. Speci\u0101listi iev\u0113ro augst\u0101kos&#8230;<\/p>","protected":false},"author":1,"featured_media":0,"parent":0,"menu_order":0,"comment_status":"closed","ping_status":"closed","template":"","meta":{"_acf_changed":false,"footnotes":""},"class_list":["post-33413","page","type-page","status-publish","hentry"],"acf":[],"_hostinger_reach_plugin_has_subscription_block":false,"_hostinger_reach_plugin_is_elementor":false,"_links":{"self":[{"href":"https:\/\/bestetic.lv\/en\/wp-json\/wp\/v2\/pages\/33413","targetHints":{"allow":["GET"]}}],"collection":[{"href":"https:\/\/bestetic.lv\/en\/wp-json\/wp\/v2\/pages"}],"about":[{"href":"https:\/\/bestetic.lv\/en\/wp-json\/wp\/v2\/types\/page"}],"author":[{"embeddable":true,"href":"https:\/\/bestetic.lv\/en\/wp-json\/wp\/v2\/users\/1"}],"replies":[{"embeddable":true,"href":"https:\/\/bestetic.lv\/en\/wp-json\/wp\/v2\/comments?post=33413"}],"version-history":[{"count":8,"href":"https:\/\/bestetic.lv\/en\/wp-json\/wp\/v2\/pages\/33413\/revisions"}],"predecessor-version":[{"id":33425,"href":"https:\/\/bestetic.lv\/en\/wp-json\/wp\/v2\/pages\/33413\/revisions\/33425"}],"wp:attachment":[{"href":"https:\/\/bestetic.lv\/en\/wp-json\/wp\/v2\/media?parent=33413"}],"curies":[{"name":"wp","href":"https:\/\/api.w.org\/{rel}","templated":true}]}}