{"id":33111,"date":"2026-03-14T10:51:11","date_gmt":"2026-03-14T10:51:11","guid":{"rendered":"https:\/\/bestetic.lv\/?page_id=33111"},"modified":"2026-03-17T21:10:26","modified_gmt":"2026-03-17T19:10:26","slug":"par-mums","status":"publish","type":"page","link":"https:\/\/bestetic.lv\/en\/par-mums\/","title":{"rendered":"About us"},"content":{"rendered":"<div data-elementor-type=\"wp-page\" data-elementor-id=\"33111\" class=\"elementor elementor-33111\">\n\t\t\t\t<div class=\"elementor-element elementor-element-4f1bc45 e-con-full e-flex cmsmasters-block-default e-con e-parent\" data-id=\"4f1bc45\" data-element_type=\"container\" data-e-type=\"container\">\n\t\t<div class=\"elementor-element elementor-element-007020a e-con-full e-flex cmsmasters-block-default e-con e-child\" data-id=\"007020a\" data-element_type=\"container\" data-e-type=\"container\" data-settings=\"{&quot;background_background&quot;:&quot;classic&quot;}\">\n\t\t\t\t<div class=\"elementor-element elementor-element-986dd90 cmsmasters-block-default cmsmasters-sticky-default elementor-widget elementor-widget-heading\" data-id=\"986dd90\" data-element_type=\"widget\" data-e-type=\"widget\" data-widget_type=\"heading.default\">\n\t\t\t\t\t<h1 class=\"elementor-heading-title elementor-size-default\">ABOUT US<\/h1>\t\t\t\t<\/div>\n\t\t\t\t<\/div>\n\t\t<div class=\"elementor-element elementor-element-f3aed17 e-con-full e-flex cmsmasters-bg-hide-none cmsmasters-bg-hide-none cmsmasters-block-default e-con e-child\" data-id=\"f3aed17\" data-element_type=\"container\" data-e-type=\"container\" data-settings=\"{&quot;background_background&quot;:&quot;classic&quot;}\">\n\t\t\t\t<div class=\"elementor-element elementor-element-26c69a9 cmsmasters-block-default cmsmasters-sticky-default elementor-widget elementor-widget-spacer\" data-id=\"26c69a9\" data-element_type=\"widget\" data-e-type=\"widget\" data-widget_type=\"spacer.default\">\n\t\t\t\t\t\t\t<div class=\"elementor-spacer\">\n\t\t\t<div class=\"elementor-spacer-inner\"><\/div>\n\t\t<\/div>\n\t\t\t\t\t\t<\/div>\n\t\t\t\t<\/div>\n\t\t\t\t<\/div>\n\t\t<div class=\"elementor-element elementor-element-2591425 e-flex e-con-boxed cmsmasters-block-default e-con e-parent\" data-id=\"2591425\" data-element_type=\"container\" data-e-type=\"container\">\n\t\t\t\t\t<div class=\"e-con-inner\">\n\t\t<div class=\"elementor-element elementor-element-526a9de e-con-full e-flex cmsmasters-block-default e-con e-child\" data-id=\"526a9de\" data-element_type=\"container\" data-e-type=\"container\">\n\t\t\t\t<div class=\"elementor-element elementor-element-284db3a elementor-widget__width-initial cmsmasters-block-default cmsmasters-sticky-default elementor-widget elementor-widget-heading\" data-id=\"284db3a\" data-element_type=\"widget\" data-e-type=\"widget\" data-widget_type=\"heading.default\">\n\t\t\t\t\t<h2 class=\"elementor-heading-title elementor-size-default\">About us<\/h2>\t\t\t\t<\/div>\n\t\t\t\t<div class=\"elementor-element elementor-element-ecab212 cmsmasters-block-default cmsmasters-sticky-default elementor-widget elementor-widget-text-editor\" data-id=\"ecab212\" data-element_type=\"widget\" data-e-type=\"widget\" data-widget_type=\"text-editor.default\">\n\t\t\t\t\t\t\t\t\t<p>Our studio is a place where beauty meets professionalism. We offer high-quality facial and body treatments using the latest technologies and innovative aesthetic medicine solutions.<\/p><p>We believe that every client is unique, so we pay attention to every detail to create aesthetically harmonious and long-lasting results.<\/p>\t\t\t\t\t\t\t\t<\/div>\n\t\t\t\t<\/div>\n\t\t<div class=\"elementor-element elementor-element-0acd4ce e-con-full e-flex cmsmasters-block-default e-con e-child\" data-id=\"0acd4ce\" data-element_type=\"container\" data-e-type=\"container\">\n\t\t\t\t<div class=\"elementor-element elementor-element-402b38b cmsmasters-blog--layout-custom cmsmasters-blog-grid-marker__marker-icon cmsmasters-block-default cmsmasters-sticky-default elementor-widget elementor-widget-cmsmasters-blog-grid elementor-widget-cmsmasters-blog-similar\" data-id=\"402b38b\" data-element_type=\"widget\" data-e-type=\"widget\" data-settings=\"{&quot;blog_layout&quot;:&quot;custom&quot;,&quot;blog_template_id&quot;:&quot;164&quot;,&quot;columns_tablet&quot;:&quot;2&quot;,&quot;blog_post_type&quot;:&quot;specialists&quot;,&quot;columns&quot;:&quot;1&quot;,&quot;columns_mobile&quot;:&quot;1&quot;,&quot;query_control_prefix&quot;:&quot;blog&quot;,&quot;post_gap_column_tablet&quot;:{&quot;unit&quot;:&quot;px&quot;,&quot;size&quot;:&quot;&quot;,&quot;sizes&quot;:[]},&quot;post_gap_row&quot;:{&quot;unit&quot;:&quot;px&quot;,&quot;size&quot;:&quot;&quot;,&quot;sizes&quot;:[]},&quot;post_gap_row_widescreen&quot;:{&quot;unit&quot;:&quot;px&quot;,&quot;size&quot;:&quot;&quot;,&quot;sizes&quot;:[]},&quot;post_gap_row_tablet&quot;:{&quot;unit&quot;:&quot;px&quot;,&quot;size&quot;:&quot;&quot;,&quot;sizes&quot;:[]},&quot;post_gap_row_mobile&quot;:{&quot;unit&quot;:&quot;px&quot;,&quot;size&quot;:&quot;&quot;,&quot;sizes&quot;:[]}}\" data-widget_type=\"cmsmasters-blog-grid.default\" data-document-id=\"33111\">\n\t\t\t\t\t<div class=\"cmsmasters-blog cmsmasters-blog-grid cmsmasters-blog--type-default\"><div class=\"cmsmasters-blog__posts-variable\"><div class=\"cmsmasters-blog__posts-wrap\"><div class=\"cmsmasters-blog__posts\"><article id=\"post-32864\" class=\"cmsmasters-blog__post post-32864 specialists type-specialists status-publish has-post-thumbnail hentry\"><div class=\"cmsmasters-blog__post-inner\"><div data-elementor-type=\"cmsmasters_entry\" data-elementor-id=\"164\" class=\"elementor elementor-164\">\t\t\t<div class=\"elementor-inner\">\r\n\t\t\t\t<div class=\"elementor-section-wrap\">\r\n\t\t\t\t\t<div class=\"elementor-element elementor-element-5070a4c7 e-con-full e-flex cmsmasters-block-default e-con e-parent\" data-id=\"5070a4c7\" data-element_type=\"container\" data-e-type=\"container\" data-settings=\"{&quot;background_background&quot;:&quot;classic&quot;}\">\n\t\t\t\t<div data-separate-animation-selector=\".cmsmasters-widget-title__heading\" data-text-animation-class=\"sequental, random, line, word, char\" class=\"elementor-element elementor-element-88e6c43 cmsmasters-line-clamp-no cmsmasters-color-variation-default cmsmasters-pointer-none cmsmasters-block-default cmsmasters-sticky-default elementor-widget elementor-widget-cmsmasters-post-title cmsmasters-widget-title\" data-id=\"88e6c43\" data-element_type=\"widget\" data-e-type=\"widget\" data-widget_type=\"cmsmasters-post-title.default\">\n\t\t\t\t\t<h4 class=\"entry-title cmsmasters-widget-title__heading\"><a href=\"https:\/\/bestetic.lv\/en\/specialists\/agnese-innusa\/\">Agnese Innusa<\/a><\/h4>\t\t\t\t<\/div>\n\t\t\t\t<div class=\"elementor-element elementor-element-407f9697 cmsmasters-block-default cmsmasters-sticky-default elementor-widget elementor-widget-cmsmasters-post-featured-image cmsmasters-widget-image\" data-id=\"407f9697\" data-element_type=\"widget\" data-e-type=\"widget\" data-widget_type=\"cmsmasters-post-featured-image.default\">\n\t\t\t\t\t<div class=\"cmsmasters-widget-image__wrap\"><a href=\"https:\/\/bestetic.lv\/en\/specialists\/agnese-innusa\/\" data-elementor-open-lightbox=\"\" aria-label=\"Featured Image\"><img fetchpriority=\"high\" decoding=\"async\" width=\"260\" height=\"260\" src=\"https:\/\/bestetic.lv\/wp-content\/uploads\/2026\/02\/Agnese_Innusa-260x260.png\" class=\"attachment-cmsmasters-thumb-search size-cmsmasters-thumb-search wp-image-32865\" alt=\"\" srcset=\"https:\/\/bestetic.lv\/wp-content\/uploads\/2026\/02\/Agnese_Innusa-260x260.png 260w, https:\/\/bestetic.lv\/wp-content\/uploads\/2026\/02\/Agnese_Innusa-150x150.png 150w, https:\/\/bestetic.lv\/wp-content\/uploads\/2026\/02\/Agnese_Innusa-300x300.png 300w, https:\/\/bestetic.lv\/wp-content\/uploads\/2026\/02\/Agnese_Innusa-100x100.png 100w\" sizes=\"(max-width: 260px) 100vw, 260px\" \/><\/a><\/div>\t\t\t\t<\/div>\n\t\t<div class=\"elementor-element elementor-element-62e8d13 e-con-full e-flex cmsmasters-block-default e-con e-child\" data-id=\"62e8d13\" data-element_type=\"container\" data-e-type=\"container\">\n\t\t\t\t<div class=\"elementor-element elementor-element-6583b3ec elementor-widget__width-auto cmsmasters-icon-arrangement-together cmsmasters-block-default cmsmasters-sticky-default elementor-widget elementor-widget-cmsmasters-button\" data-id=\"6583b3ec\" data-element_type=\"widget\" data-e-type=\"widget\" data-widget_type=\"cmsmasters-button.default\">\n\t\t\t\t\t<div class=\"elementor-widget-cmsmasters-button__button-container\"><div class=\"elementor-widget-cmsmasters-button__button-container-inner\"><a href=\"https:\/\/bestetic.lv\/en\/specialists\/agnese-innusa\/\" class=\"cmsmasters-button-link elementor-widget-cmsmasters-button__button cmsmasters-icon-view-default cmsmasters-icon-shape- cmsmasters-button-size-sm\" role=\"button\" tabindex=\"0\"><span class=\"elementor-widget-cmsmasters-button__content-wrapper cmsmasters-align-icon-right\"><span class=\"elementor-widget-cmsmasters-button__icon\"><i aria-hidden=\"true\" class=\"cmsdemo-icon- cms-demo-icon-arrow-diagonal\"><\/i><\/span><span class=\"elementor-widget-cmsmasters-button__text\">View profile<\/span><\/span><\/a><\/div><\/div>\t\t\t\t<\/div>\n\t\t\t\t<\/div>\n\t\t\t\t<\/div>\n\t\t\t\t\t\t<\/div>\r\n\t\t\t<\/div>\r\n\t\t<\/div><\/div><\/article><\/div><\/div><\/div><\/div>\t\t\t\t<\/div>\n\t\t\t\t<\/div>\n\t\t\t\t\t<\/div>\n\t\t\t\t<\/div>\n\t\t<div class=\"elementor-element elementor-element-86c76f4 e-flex e-con-boxed cmsmasters-block-default e-con e-parent\" data-id=\"86c76f4\" data-element_type=\"container\" data-e-type=\"container\">\n\t\t\t\t\t<div class=\"e-con-inner\">\n\t\t\t\t\t<\/div>\n\t\t\t\t<\/div>\n\t\t<div class=\"elementor-element elementor-element-520c4d0 e-flex e-con-boxed cmsmasters-block-default e-con e-parent\" data-id=\"520c4d0\" data-element_type=\"container\" data-e-type=\"container\">\n\t\t\t\t\t<div class=\"e-con-inner\">\n\t\t<div class=\"elementor-element elementor-element-d4ed001 e-flex e-con-boxed cmsmasters-block-default e-con e-child\" data-id=\"d4ed001\" data-element_type=\"container\" data-e-type=\"container\" data-settings=\"{&quot;background_background&quot;:&quot;classic&quot;}\">\n\t\t\t\t\t<div class=\"e-con-inner\">\n\t\t\t\t<div class=\"elementor-element elementor-element-c4f2337 cmsmasters-block-default cmsmasters-sticky-default elementor-widget elementor-widget-heading\" data-id=\"c4f2337\" data-element_type=\"widget\" data-e-type=\"widget\" data-widget_type=\"heading.default\">\n\t\t\t\t\t<h6 class=\"elementor-heading-title elementor-size-default\">Contacts<\/h6>\t\t\t\t<\/div>\n\t\t\t\t<div class=\"elementor-element elementor-element-3893045 cmsmasters-block-default cmsmasters-sticky-default elementor-widget elementor-widget-heading\" data-id=\"3893045\" data-element_type=\"widget\" data-e-type=\"widget\" data-widget_type=\"heading.default\">\n\t\t\t\t\t<h3 class=\"elementor-heading-title elementor-size-default\">Contact us<\/h3>\t\t\t\t<\/div>\n\t\t\t\t<div class=\"elementor-element elementor-element-209f89b elementor-widget-cmsmasters-contact-form__fields-align-left elementor-widget__width-initial cmsmasters-block-default cmsmasters-sticky-default elementor-widget elementor-widget-cmsmasters-forminator\" data-id=\"209f89b\" data-element_type=\"widget\" data-e-type=\"widget\" data-settings=\"{&quot;form_list&quot;:&quot;52&quot;}\" data-widget_type=\"cmsmasters-forminator.default\">\n\t\t\t\t\t<div class=\"elementor-widget-cmsmasters-contact-form__wrapper elementor-widget-cmsmasters-contact-form cmsmasters-default-color cmsmasters-default-font\" id=\"cmsmasters-widget-form-209f89b\">\r\n\t\t\t<div class=\"elementor-widget-cmsmasters-contact-form__inner\"><div class=\"forminator-ui forminator-custom-form forminator-custom-form-52 forminator-design--default forminator-custom forminator_ajax\" data-forminator-render=\"0\" data-form=\"forminator-module-52\" data-uid=\"6a08a8b920cb9\"><br\/><\/div><form\n\t\t\t\tid=\"forminator-module-52\"\n\t\t\t\tclass=\"forminator-ui forminator-custom-form forminator-custom-form-52 forminator-design--default forminator-custom forminator_ajax\"\n\t\t\t\tmethod=\"post\"\n\t\t\t\tdata-forminator-render=\"0\"\n\t\t\t\tdata-form-id=\"52\"\n\t\t\t\t data-color-option=\"default\" data-design=\"default\" data-grid=\"custom\" style=\"display: none;\"\n\t\t\t\tdata-uid=\"6a08a8b920cb9\" action=\"\"\n\t\t\t><div role=\"alert\" aria-live=\"polite\" class=\"forminator-response-message forminator-error\" aria-hidden=\"true\"><\/div><div class=\"forminator-row\"><div id=\"name-1\" class=\"forminator-field-name forminator-col forminator-col-6\"><div class=\"forminator-field\"><label for=\"forminator-field-name-1_6a08a8b920cb9\" id=\"forminator-field-name-1_6a08a8b920cb9-label\" class=\"forminator-label\">Name<\/label><input type=\"text\" name=\"name-1\" value=\"\" placeholder=\"\" id=\"forminator-field-name-1_6a08a8b920cb9\" class=\"forminator-input forminator-name--field\" aria-required=\"false\" autocomplete=\"name\" \/><\/div><\/div><div id=\"email-1\" class=\"forminator-field-email forminator-col forminator-col-6\"><div class=\"forminator-field\"><label for=\"forminator-field-email-1_6a08a8b920cb9\" id=\"forminator-field-email-1_6a08a8b920cb9-label\" class=\"forminator-label\">Email<\/label><input type=\"email\" name=\"email-1\" value=\"\" placeholder=\"\" id=\"forminator-field-email-1_6a08a8b920cb9\" class=\"forminator-input forminator-email--field\" data-required=\"\" aria-required=\"false\" autocomplete=\"email\" \/><\/div><\/div><\/div><div class=\"forminator-row\"><div id=\"textarea-1\" class=\"forminator-field-textarea forminator-col forminator-col-12\"><div class=\"forminator-field\"><label for=\"forminator-field-textarea-1_6a08a8b920cb9\" id=\"forminator-field-textarea-1_6a08a8b920cb9-label\" class=\"forminator-label\">Your message<\/label><textarea name=\"textarea-1\" placeholder=\"\" id=\"forminator-field-textarea-1_6a08a8b920cb9\" class=\"forminator-textarea\" rows=\"6\" style=\"--forminator-textarea-min-height:140px;\" ><\/textarea><\/div><\/div><\/div><input type=\"hidden\" name=\"referer_url\" value=\"\" \/><div class=\"forminator-row forminator-row-last\"><div class=\"forminator-col\"><div class=\"forminator-field\"><button class=\"forminator-button forminator-button-submit\">Send<\/button><\/div><\/div><\/div><input type=\"hidden\" id=\"forminator_nonce\" name=\"forminator_nonce\" value=\"fcec3b97d0\" \/><input type=\"hidden\" name=\"_wp_http_referer\" value=\"\/en\/wp-json\/wp\/v2\/pages\/33111\" \/><input type=\"hidden\" name=\"form_id\" value=\"52\"><input type=\"hidden\" name=\"page_id\" value=\"32864\"><input type=\"hidden\" name=\"form_type\" value=\"default\"><input type=\"hidden\" name=\"current_url\" value=\"https:\/\/bestetic.lv\/en\/specialists\/agnese-innusa\/\"><input type=\"hidden\" name=\"render_id\" value=\"0\"><input type=\"hidden\" name=\"action\" value=\"forminator_submit_form_custom-forms\"><input type=\"hidden\" name=\"trp-form-language\" value=\"en\"\/><\/form><\/div>\r\n\t\t<\/div>\t\t\t\t<\/div>\n\t\t\t\t\t<\/div>\n\t\t\t\t<\/div>\n\t\t\t\t\t<\/div>\n\t\t\t\t<\/div>\n\t\t\t\t<\/div>","protected":false},"excerpt":{"rendered":"<p>PAR MUMS Par mums M\u016bsu studija ir vieta, kur skaistums satiekas ar profesionalit\u0101ti. Pied\u0101v\u0101jam augstas kvalit\u0101tes sejas un \u0137erme\u0146a proced\u016bras, izmantojot jaun\u0101k\u0101s tehnolo\u0123ijas un inovat\u012bvus est\u0113tisk\u0101s medic\u012bnas risin\u0101jumus. M\u0113s ticam, ka katrs klients ir unik\u0101ls, t\u0101p\u0113c piev\u0113r\u0161am uzman\u012bbu katrai deta\u013cai, lai rad\u012btu est\u0113tiski harmoniskus un ilgnotur\u012bgus rezult\u0101tus. Kontakti Sazinies ar mums<\/p>","protected":false},"author":1,"featured_media":0,"parent":0,"menu_order":0,"comment_status":"closed","ping_status":"closed","template":"","meta":{"_acf_changed":false,"footnotes":""},"class_list":["post-33111","page","type-page","status-publish","hentry"],"acf":[],"_hostinger_reach_plugin_has_subscription_block":false,"_hostinger_reach_plugin_is_elementor":false,"_links":{"self":[{"href":"https:\/\/bestetic.lv\/en\/wp-json\/wp\/v2\/pages\/33111","targetHints":{"allow":["GET"]}}],"collection":[{"href":"https:\/\/bestetic.lv\/en\/wp-json\/wp\/v2\/pages"}],"about":[{"href":"https:\/\/bestetic.lv\/en\/wp-json\/wp\/v2\/types\/page"}],"author":[{"embeddable":true,"href":"https:\/\/bestetic.lv\/en\/wp-json\/wp\/v2\/users\/1"}],"replies":[{"embeddable":true,"href":"https:\/\/bestetic.lv\/en\/wp-json\/wp\/v2\/comments?post=33111"}],"version-history":[{"count":22,"href":"https:\/\/bestetic.lv\/en\/wp-json\/wp\/v2\/pages\/33111\/revisions"}],"predecessor-version":[{"id":33356,"href":"https:\/\/bestetic.lv\/en\/wp-json\/wp\/v2\/pages\/33111\/revisions\/33356"}],"wp:attachment":[{"href":"https:\/\/bestetic.lv\/en\/wp-json\/wp\/v2\/media?parent=33111"}],"curies":[{"name":"wp","href":"https:\/\/api.w.org\/{rel}","templated":true}]}}