{"id":28422,"date":"2024-02-08T10:49:09","date_gmt":"2024-02-08T10:49:09","guid":{"rendered":"https:\/\/theme-dev.cmsmasters.net\/dental-clone\/?page_id=28422"},"modified":"2026-03-14T11:49:47","modified_gmt":"2026-03-14T11:49:47","slug":"specialisti","status":"publish","type":"page","link":"https:\/\/bestetic.lv\/en\/specialisti\/","title":{"rendered":"Specialists"},"content":{"rendered":"<div data-elementor-type=\"wp-page\" data-elementor-id=\"28422\" class=\"elementor elementor-28422\">\n\t\t\t\t<div class=\"elementor-element elementor-element-6da2737 cmsmasters-section-for-header-yes e-con-full e-flex cmsmasters-bg-hide-none cmsmasters-bg-hide-none cmsmasters-block-default e-con e-parent\" data-id=\"6da2737\" data-element_type=\"container\" data-e-type=\"container\" data-settings=\"{&quot;background_background&quot;:&quot;classic&quot;}\">\n\t\t\t\t<div class=\"elementor-element elementor-element-efebbfc cmsmasters-block-default cmsmasters-sticky-default elementor-widget elementor-widget-heading\" data-id=\"efebbfc\" data-element_type=\"widget\" data-e-type=\"widget\" data-widget_type=\"heading.default\">\n\t\t\t\t\t<h1 class=\"elementor-heading-title elementor-size-default\">SPECI\u0100LISTI<\/h1>\t\t\t\t<\/div>\n\t\t\t\t<div class=\"elementor-element elementor-element-523124f cmsmasters-block-default cmsmasters-sticky-default elementor-widget elementor-widget-text-editor\" data-id=\"523124f\" data-element_type=\"widget\" data-e-type=\"widget\" data-widget_type=\"text-editor.default\">\n\t\t\t\t\t\t\t\t\t<p>Vair\u0101k k\u0101 25 gadu profesion\u0101l\u0101s darb\u012bbas pieredze<\/p>\t\t\t\t\t\t\t\t<\/div>\n\t\t\t\t<\/div>\n\t\t<div class=\"elementor-element elementor-element-372cc34 e-flex e-con-boxed cmsmasters-block-default e-con e-parent\" data-id=\"372cc34\" data-element_type=\"container\" data-e-type=\"container\">\n\t\t\t\t\t<div class=\"e-con-inner\">\n\t\t\t\t<div class=\"elementor-element elementor-element-0a21e3f cmsmasters-blog--layout-custom cmsmasters-blog-grid-marker__marker-icon cmsmasters-block-default cmsmasters-sticky-default elementor-widget elementor-widget-cmsmasters-blog-grid elementor-widget-cmsmasters-blog-similar\" data-id=\"0a21e3f\" data-element_type=\"widget\" data-e-type=\"widget\" data-settings=\"{&quot;blog_layout&quot;:&quot;custom&quot;,&quot;blog_template_id&quot;:&quot;164&quot;,&quot;columns_tablet&quot;:&quot;2&quot;,&quot;blog_post_type&quot;:&quot;specialists&quot;,&quot;post_gap_row&quot;:{&quot;unit&quot;:&quot;px&quot;,&quot;size&quot;:30,&quot;sizes&quot;:[]},&quot;post_gap_row_mobile&quot;:{&quot;unit&quot;:&quot;px&quot;,&quot;size&quot;:20,&quot;sizes&quot;:[]},&quot;columns&quot;:&quot;1&quot;,&quot;columns_mobile&quot;:&quot;1&quot;,&quot;query_control_prefix&quot;:&quot;blog&quot;,&quot;post_gap_column_tablet&quot;:{&quot;unit&quot;:&quot;px&quot;,&quot;size&quot;:&quot;&quot;,&quot;sizes&quot;:[]},&quot;post_gap_row_widescreen&quot;:{&quot;unit&quot;:&quot;px&quot;,&quot;size&quot;:&quot;&quot;,&quot;sizes&quot;:[]},&quot;post_gap_row_tablet&quot;:{&quot;unit&quot;:&quot;px&quot;,&quot;size&quot;:&quot;&quot;,&quot;sizes&quot;:[]}}\" data-widget_type=\"cmsmasters-blog-grid.default\" data-document-id=\"28422\">\n\t\t\t\t\t<div class=\"cmsmasters-blog cmsmasters-blog-grid cmsmasters-blog--type-default\"><div class=\"cmsmasters-blog__posts-variable\"><div class=\"cmsmasters-blog__posts-wrap\"><div class=\"cmsmasters-blog__posts\"><article id=\"post-32864\" class=\"cmsmasters-blog__post post-32864 specialists type-specialists status-publish has-post-thumbnail hentry\"><div class=\"cmsmasters-blog__post-inner\"><div data-elementor-type=\"cmsmasters_entry\" data-elementor-id=\"164\" class=\"elementor elementor-164\">\t\t\t<div class=\"elementor-inner\">\r\n\t\t\t\t<div class=\"elementor-section-wrap\">\r\n\t\t\t\t\t<div class=\"elementor-element elementor-element-5070a4c7 e-con-full e-flex cmsmasters-block-default e-con e-parent\" data-id=\"5070a4c7\" data-element_type=\"container\" data-e-type=\"container\" data-settings=\"{&quot;background_background&quot;:&quot;classic&quot;}\">\n\t\t\t\t<div data-separate-animation-selector=\".cmsmasters-widget-title__heading\" data-text-animation-class=\"sequental, random, line, word, char\" class=\"elementor-element elementor-element-88e6c43 cmsmasters-line-clamp-no cmsmasters-color-variation-default cmsmasters-pointer-none cmsmasters-block-default cmsmasters-sticky-default elementor-widget elementor-widget-cmsmasters-post-title cmsmasters-widget-title\" data-id=\"88e6c43\" data-element_type=\"widget\" data-e-type=\"widget\" data-widget_type=\"cmsmasters-post-title.default\">\n\t\t\t\t\t<h4 class=\"entry-title cmsmasters-widget-title__heading\"><a href=\"https:\/\/bestetic.lv\/en\/specialists\/agnese-innusa\/\">Agnese Innusa<\/a><\/h4>\t\t\t\t<\/div>\n\t\t\t\t<div class=\"elementor-element elementor-element-407f9697 cmsmasters-block-default cmsmasters-sticky-default elementor-widget elementor-widget-cmsmasters-post-featured-image cmsmasters-widget-image\" data-id=\"407f9697\" data-element_type=\"widget\" data-e-type=\"widget\" data-widget_type=\"cmsmasters-post-featured-image.default\">\n\t\t\t\t\t<div class=\"cmsmasters-widget-image__wrap\"><a href=\"https:\/\/bestetic.lv\/en\/specialists\/agnese-innusa\/\" data-elementor-open-lightbox=\"\" aria-label=\"Featured Image\"><img fetchpriority=\"high\" decoding=\"async\" width=\"260\" height=\"260\" src=\"https:\/\/bestetic.lv\/wp-content\/uploads\/2026\/02\/Agnese_Innusa-260x260.png\" class=\"attachment-cmsmasters-thumb-search size-cmsmasters-thumb-search wp-image-32865\" alt=\"\" srcset=\"https:\/\/bestetic.lv\/wp-content\/uploads\/2026\/02\/Agnese_Innusa-260x260.png 260w, https:\/\/bestetic.lv\/wp-content\/uploads\/2026\/02\/Agnese_Innusa-150x150.png 150w, https:\/\/bestetic.lv\/wp-content\/uploads\/2026\/02\/Agnese_Innusa-300x300.png 300w, https:\/\/bestetic.lv\/wp-content\/uploads\/2026\/02\/Agnese_Innusa-100x100.png 100w\" sizes=\"(max-width: 260px) 100vw, 260px\" \/><\/a><\/div>\t\t\t\t<\/div>\n\t\t<div class=\"elementor-element elementor-element-62e8d13 e-con-full e-flex cmsmasters-block-default e-con e-child\" data-id=\"62e8d13\" data-element_type=\"container\" data-e-type=\"container\">\n\t\t\t\t<div class=\"elementor-element elementor-element-6583b3ec elementor-widget__width-auto cmsmasters-icon-arrangement-together cmsmasters-block-default cmsmasters-sticky-default elementor-widget elementor-widget-cmsmasters-button\" data-id=\"6583b3ec\" data-element_type=\"widget\" data-e-type=\"widget\" data-widget_type=\"cmsmasters-button.default\">\n\t\t\t\t\t<div class=\"elementor-widget-cmsmasters-button__button-container\"><div class=\"elementor-widget-cmsmasters-button__button-container-inner\"><a href=\"https:\/\/bestetic.lv\/en\/specialists\/agnese-innusa\/\" class=\"cmsmasters-button-link elementor-widget-cmsmasters-button__button cmsmasters-icon-view-default cmsmasters-icon-shape- cmsmasters-button-size-sm\" role=\"button\" tabindex=\"0\"><span class=\"elementor-widget-cmsmasters-button__content-wrapper cmsmasters-align-icon-right\"><span class=\"elementor-widget-cmsmasters-button__icon\"><i aria-hidden=\"true\" class=\"cmsdemo-icon- cms-demo-icon-arrow-diagonal\"><\/i><\/span><span class=\"elementor-widget-cmsmasters-button__text\">View profile<\/span><\/span><\/a><\/div><\/div>\t\t\t\t<\/div>\n\t\t\t\t<\/div>\n\t\t\t\t<\/div>\n\t\t\t\t\t\t<\/div>\r\n\t\t\t<\/div>\r\n\t\t<\/div><\/div><\/article><\/div><\/div><\/div><\/div>\t\t\t\t<\/div>\n\t\t\t\t\t<\/div>\n\t\t\t\t<\/div>\n\t\t<div class=\"elementor-element elementor-element-c02ec71 e-flex e-con-boxed cmsmasters-block-default e-con e-parent\" data-id=\"c02ec71\" data-element_type=\"container\" data-e-type=\"container\">\n\t\t\t\t\t<div class=\"e-con-inner\">\n\t\t<div class=\"elementor-element elementor-element-79c913f e-con-full e-flex cmsmasters-block-default e-con e-child\" data-id=\"79c913f\" data-element_type=\"container\" data-e-type=\"container\">\n\t\t\t\t<div class=\"elementor-element elementor-element-58b37dc cmsmasters-block-default cmsmasters-sticky-default elementor-widget elementor-widget-image\" data-id=\"58b37dc\" data-element_type=\"widget\" data-e-type=\"widget\" data-widget_type=\"image.default\">\n\t\t\t\t\t\t\t\t\t\t\t\t\t\t\t<img decoding=\"async\" width=\"1024\" height=\"575\" src=\"https:\/\/bestetic.lv\/wp-content\/uploads\/2024\/02\/doctors-2-1.webp\" class=\"attachment-large size-large wp-image-28643\" alt=\"\" srcset=\"https:\/\/bestetic.lv\/wp-content\/uploads\/2024\/02\/doctors-2-1.webp 1024w, https:\/\/bestetic.lv\/wp-content\/uploads\/2024\/02\/doctors-2-1-600x337.webp 600w, https:\/\/bestetic.lv\/wp-content\/uploads\/2024\/02\/doctors-2-1-300x168.webp 300w, https:\/\/bestetic.lv\/wp-content\/uploads\/2024\/02\/doctors-2-1-768x431.webp 768w, https:\/\/bestetic.lv\/wp-content\/uploads\/2024\/02\/doctors-2-1-534x300.webp 534w, https:\/\/bestetic.lv\/wp-content\/uploads\/2024\/02\/doctors-2-1-30x16.webp 30w, https:\/\/bestetic.lv\/wp-content\/uploads\/2024\/02\/doctors-2-1-18x10.webp 18w\" sizes=\"(max-width: 1024px) 100vw, 1024px\" \/>\t\t\t\t\t\t\t\t\t\t\t\t\t\t\t<\/div>\n\t\t<div class=\"elementor-element elementor-element-07e6ec4 e-flex e-con-boxed cmsmasters-block-default e-con e-child\" data-id=\"07e6ec4\" data-element_type=\"container\" data-e-type=\"container\">\n\t\t\t\t\t<div class=\"e-con-inner\">\n\t\t\t\t<div class=\"elementor-element elementor-element-930a0d9 cmsmasters-block-default cmsmasters-sticky-default elementor-widget elementor-widget-image\" data-id=\"930a0d9\" data-element_type=\"widget\" data-e-type=\"widget\" data-widget_type=\"image.default\">\n\t\t\t\t\t\t\t\t\t\t\t\t\t\t\t<img decoding=\"async\" width=\"512\" height=\"380\" src=\"https:\/\/bestetic.lv\/wp-content\/uploads\/2024\/02\/doctors-3-1.webp\" class=\"attachment-full size-full wp-image-28644\" alt=\"\" srcset=\"https:\/\/bestetic.lv\/wp-content\/uploads\/2024\/02\/doctors-3-1.webp 512w, https:\/\/bestetic.lv\/wp-content\/uploads\/2024\/02\/doctors-3-1-300x223.webp 300w, https:\/\/bestetic.lv\/wp-content\/uploads\/2024\/02\/doctors-3-1-404x300.webp 404w, https:\/\/bestetic.lv\/wp-content\/uploads\/2024\/02\/doctors-3-1-30x22.webp 30w, https:\/\/bestetic.lv\/wp-content\/uploads\/2024\/02\/doctors-3-1-13x10.webp 13w\" sizes=\"(max-width: 512px) 100vw, 512px\" \/>\t\t\t\t\t\t\t\t\t\t\t\t\t\t\t<\/div>\n\t\t\t\t<div class=\"elementor-element elementor-element-dab7aa9 cmsmasters-block-default cmsmasters-sticky-default elementor-widget elementor-widget-image\" data-id=\"dab7aa9\" data-element_type=\"widget\" data-e-type=\"widget\" data-widget_type=\"image.default\">\n\t\t\t\t\t\t\t\t\t\t\t\t\t\t\t<img loading=\"lazy\" decoding=\"async\" width=\"512\" height=\"380\" src=\"https:\/\/bestetic.lv\/wp-content\/uploads\/2024\/02\/doctors-4-1.webp\" class=\"attachment-full size-full wp-image-28645\" alt=\"\" srcset=\"https:\/\/bestetic.lv\/wp-content\/uploads\/2024\/02\/doctors-4-1.webp 512w, https:\/\/bestetic.lv\/wp-content\/uploads\/2024\/02\/doctors-4-1-300x223.webp 300w, https:\/\/bestetic.lv\/wp-content\/uploads\/2024\/02\/doctors-4-1-404x300.webp 404w, https:\/\/bestetic.lv\/wp-content\/uploads\/2024\/02\/doctors-4-1-30x22.webp 30w, https:\/\/bestetic.lv\/wp-content\/uploads\/2024\/02\/doctors-4-1-13x10.webp 13w\" sizes=\"(max-width: 512px) 100vw, 512px\" \/>\t\t\t\t\t\t\t\t\t\t\t\t\t\t\t<\/div>\n\t\t\t\t\t<\/div>\n\t\t\t\t<\/div>\n\t\t\t\t<\/div>\n\t\t<div class=\"elementor-element elementor-element-c93c7f0 e-con-full e-flex cmsmasters-block-default e-con e-child\" data-id=\"c93c7f0\" data-element_type=\"container\" data-e-type=\"container\" data-settings=\"{&quot;background_background&quot;:&quot;classic&quot;}\">\n\t\t\t\t<div class=\"elementor-element elementor-element-6f6b74f cmsmasters-block-default cmsmasters-sticky-default elementor-widget elementor-widget-heading\" data-id=\"6f6b74f\" data-element_type=\"widget\" data-e-type=\"widget\" data-widget_type=\"heading.default\">\n\t\t\t\t\t<h2 class=\"elementor-heading-title elementor-size-default\">Contact us<\/h2>\t\t\t\t<\/div>\n\t\t\t\t<div class=\"elementor-element elementor-element-c7c1ea1 elementor-widget-cmsmasters-contact-form__fields-align-left cmsmasters-block-default cmsmasters-sticky-default elementor-widget elementor-widget-cmsmasters-forminator\" data-id=\"c7c1ea1\" data-element_type=\"widget\" data-e-type=\"widget\" data-settings=\"{&quot;form_list&quot;:&quot;52&quot;}\" data-widget_type=\"cmsmasters-forminator.default\">\n\t\t\t\t\t<div class=\"elementor-widget-cmsmasters-contact-form__wrapper elementor-widget-cmsmasters-contact-form cmsmasters-default-color cmsmasters-default-font\" id=\"cmsmasters-widget-form-c7c1ea1\">\r\n\t\t\t<div class=\"elementor-widget-cmsmasters-contact-form__inner\"><div class=\"forminator-ui forminator-custom-form forminator-custom-form-52 forminator-design--default forminator-custom forminator_ajax\" data-forminator-render=\"0\" data-form=\"forminator-module-52\" data-uid=\"6a08a8b931820\"><br\/><\/div><form\n\t\t\t\tid=\"forminator-module-52\"\n\t\t\t\tclass=\"forminator-ui forminator-custom-form forminator-custom-form-52 forminator-design--default forminator-custom forminator_ajax\"\n\t\t\t\tmethod=\"post\"\n\t\t\t\tdata-forminator-render=\"0\"\n\t\t\t\tdata-form-id=\"52\"\n\t\t\t\t data-color-option=\"default\" data-design=\"default\" data-grid=\"custom\" style=\"display: none;\"\n\t\t\t\tdata-uid=\"6a08a8b931820\" action=\"\"\n\t\t\t><div role=\"alert\" aria-live=\"polite\" class=\"forminator-response-message forminator-error\" aria-hidden=\"true\"><\/div><div class=\"forminator-row\"><div id=\"name-1\" class=\"forminator-field-name forminator-col forminator-col-6\"><div class=\"forminator-field\"><label for=\"forminator-field-name-1_6a08a8b931820\" id=\"forminator-field-name-1_6a08a8b931820-label\" class=\"forminator-label\">Name<\/label><input type=\"text\" name=\"name-1\" value=\"\" placeholder=\"\" id=\"forminator-field-name-1_6a08a8b931820\" class=\"forminator-input forminator-name--field\" aria-required=\"false\" autocomplete=\"name\" \/><\/div><\/div><div id=\"email-1\" class=\"forminator-field-email forminator-col forminator-col-6\"><div class=\"forminator-field\"><label for=\"forminator-field-email-1_6a08a8b931820\" id=\"forminator-field-email-1_6a08a8b931820-label\" class=\"forminator-label\">Email<\/label><input type=\"email\" name=\"email-1\" value=\"\" placeholder=\"\" id=\"forminator-field-email-1_6a08a8b931820\" class=\"forminator-input forminator-email--field\" data-required=\"\" aria-required=\"false\" autocomplete=\"email\" \/><\/div><\/div><\/div><div class=\"forminator-row\"><div id=\"textarea-1\" class=\"forminator-field-textarea forminator-col forminator-col-12\"><div class=\"forminator-field\"><label for=\"forminator-field-textarea-1_6a08a8b931820\" id=\"forminator-field-textarea-1_6a08a8b931820-label\" class=\"forminator-label\">Your message<\/label><textarea name=\"textarea-1\" placeholder=\"\" id=\"forminator-field-textarea-1_6a08a8b931820\" class=\"forminator-textarea\" rows=\"6\" style=\"--forminator-textarea-min-height:140px;\" ><\/textarea><\/div><\/div><\/div><input type=\"hidden\" name=\"referer_url\" value=\"\" \/><div class=\"forminator-row forminator-row-last\"><div class=\"forminator-col\"><div class=\"forminator-field\"><button class=\"forminator-button forminator-button-submit\">Send<\/button><\/div><\/div><\/div><input type=\"hidden\" id=\"forminator_nonce\" name=\"forminator_nonce\" value=\"fcec3b97d0\" \/><input type=\"hidden\" name=\"_wp_http_referer\" value=\"\/en\/wp-json\/wp\/v2\/pages\/28422\" \/><input type=\"hidden\" name=\"form_id\" value=\"52\"><input type=\"hidden\" name=\"page_id\" value=\"32864\"><input type=\"hidden\" name=\"form_type\" value=\"default\"><input type=\"hidden\" name=\"current_url\" value=\"https:\/\/bestetic.lv\/en\/specialists\/agnese-innusa\/\"><input type=\"hidden\" name=\"render_id\" value=\"0\"><input type=\"hidden\" name=\"action\" value=\"forminator_submit_form_custom-forms\"><input type=\"hidden\" name=\"trp-form-language\" value=\"en\"\/><\/form><\/div>\r\n\t\t<\/div>\t\t\t\t<\/div>\n\t\t\t\t<\/div>\n\t\t\t\t\t<\/div>\n\t\t\t\t<\/div>\n\t\t\t\t<\/div>","protected":false},"excerpt":{"rendered":"<p>SPECI\u0100LISTI Vair\u0101k k\u0101 25 gadu profesion\u0101l\u0101s darb\u012bbas pieredze Sazinies ar mums<\/p>","protected":false},"author":1,"featured_media":0,"parent":0,"menu_order":0,"comment_status":"closed","ping_status":"closed","template":"","meta":{"_acf_changed":false,"footnotes":""},"class_list":["post-28422","page","type-page","status-publish","hentry"],"acf":[],"_hostinger_reach_plugin_has_subscription_block":false,"_hostinger_reach_plugin_is_elementor":false,"_links":{"self":[{"href":"https:\/\/bestetic.lv\/en\/wp-json\/wp\/v2\/pages\/28422","targetHints":{"allow":["GET"]}}],"collection":[{"href":"https:\/\/bestetic.lv\/en\/wp-json\/wp\/v2\/pages"}],"about":[{"href":"https:\/\/bestetic.lv\/en\/wp-json\/wp\/v2\/types\/page"}],"author":[{"embeddable":true,"href":"https:\/\/bestetic.lv\/en\/wp-json\/wp\/v2\/users\/1"}],"replies":[{"embeddable":true,"href":"https:\/\/bestetic.lv\/en\/wp-json\/wp\/v2\/comments?post=28422"}],"version-history":[{"count":14,"href":"https:\/\/bestetic.lv\/en\/wp-json\/wp\/v2\/pages\/28422\/revisions"}],"predecessor-version":[{"id":33160,"href":"https:\/\/bestetic.lv\/en\/wp-json\/wp\/v2\/pages\/28422\/revisions\/33160"}],"wp:attachment":[{"href":"https:\/\/bestetic.lv\/en\/wp-json\/wp\/v2\/media?parent=28422"}],"curies":[{"name":"wp","href":"https:\/\/api.w.org\/{rel}","templated":true}]}}